{"id":30079,"date":"2024-08-07T18:49:36","date_gmt":"2024-08-07T17:49:36","guid":{"rendered":"https:\/\/autodromodoalgarve.com\/?page_id=30079"},"modified":"2025-11-03T10:09:18","modified_gmt":"2025-11-03T10:09:18","slug":"sustentabilidade","status":"publish","type":"page","link":"https:\/\/autodromodoalgarve.com\/pt\/sobre-o-aia\/sustentabilidade\/","title":{"rendered":"Sustentabilidade"},"content":{"rendered":"\t\t<div data-elementor-type=\"wp-page\" data-elementor-id=\"30079\" class=\"elementor elementor-30079\">\n\t\t\t\t\t\t<section class=\"elementor-section elementor-top-section elementor-element elementor-element-5880f76 elementor-section-full_width elementor-section-height-min-height elementor-section-items-bottom elementor-section-height-default\" data-id=\"5880f76\" data-element_type=\"section\" data-e-type=\"section\" data-settings=\"{&quot;background_background&quot;:&quot;classic&quot;}\">\n\t\t\t\t\t\t<div class=\"elementor-container elementor-column-gap-default\">\n\t\t\t\t\t<div class=\"elementor-column elementor-col-100 elementor-top-column elementor-element elementor-element-efbd1b3\" data-id=\"efbd1b3\" data-element_type=\"column\" data-e-type=\"column\" data-settings=\"{&quot;background_background&quot;:&quot;classic&quot;}\">\n\t\t\t<div class=\"elementor-widget-wrap elementor-element-populated\">\n\t\t\t\t\t\t<div class=\"elementor-element elementor-element-8d81907 title-header-top elementor-widget elementor-widget-heading\" data-id=\"8d81907\" data-element_type=\"widget\" data-e-type=\"widget\" data-widget_type=\"heading.default\">\n\t\t\t\t<div class=\"elementor-widget-container\">\n\t\t\t\t\t<h1 class=\"elementor-heading-title elementor-size-default\">Sustentabilidade<\/h1>\t\t\t\t<\/div>\n\t\t\t\t<\/div>\n\t\t\t\t\t<\/div>\n\t\t<\/div>\n\t\t\t\t\t<\/div>\n\t\t<\/section>\n\t\t\t\t<section class=\"elementor-section elementor-top-section elementor-element elementor-element-4f55124 elementor-section-boxed elementor-section-height-default elementor-section-height-default\" data-id=\"4f55124\" data-element_type=\"section\" data-e-type=\"section\">\n\t\t\t\t\t\t<div class=\"elementor-container elementor-column-gap-default\">\n\t\t\t\t\t<div class=\"elementor-column elementor-col-100 elementor-top-column elementor-element elementor-element-00334d6\" data-id=\"00334d6\" data-element_type=\"column\" data-e-type=\"column\">\n\t\t\t<div class=\"elementor-widget-wrap elementor-element-populated\">\n\t\t\t\t\t\t<div class=\"elementor-element elementor-element-764f29f title-underline-1 elementor-widget elementor-widget-heading\" data-id=\"764f29f\" data-element_type=\"widget\" data-e-type=\"widget\" data-widget_type=\"heading.default\">\n\t\t\t\t<div class=\"elementor-widget-container\">\n\t\t\t\t\t<h2 class=\"elementor-heading-title elementor-size-default\">AIA - Aut\u00f3dromo Internacional do Algarve - Compromisso com a Sustentabilidade em Eventos Motorizados<\/h2>\t\t\t\t<\/div>\n\t\t\t\t<\/div>\n\t\t\t\t<div class=\"elementor-element elementor-element-80aca27 p500 elementor-widget elementor-widget-text-editor\" data-id=\"80aca27\" data-element_type=\"widget\" data-e-type=\"widget\" data-widget_type=\"text-editor.default\">\n\t\t\t\t<div class=\"elementor-widget-container\">\n\t\t\t\t\t\t\t\t\t<p>Em 2024, a Parkalgar, a entidade que gere e organiza os eventos motorizados no Aut\u00f3dromo Internacional do Algarve, deu um passo significativo rumo \u00e0 sustentabilidade ao implementar um Sistema de Gest\u00e3o de Eventos Sustent\u00e1veis, alinhado com a norma internacional ISO 20121. Este avan\u00e7o reflete o compromisso da organiza\u00e7\u00e3o em promover pr\u00e1ticas mais sustent\u00e1veis nos principais eventos motorizados realizados no Aut\u00f3dromo Internacional do Algarve.<\/p><p>O Sistema de Gest\u00e3o de Eventos Sustent\u00e1veis permitiu otimizar processos, reduzir desperd\u00edcios, melhorar a efici\u00eancia energ\u00e9tica e adotar pr\u00e1ticas que minimizam o impacto ambiental e que ajudam a promover a economia local e regional, sem comprometer a qualidade e a seguran\u00e7a dos eventos.<\/p><p>A Parkalgar obteve a Certifica\u00e7\u00e3o pela Norma Internacional ISO 201221 \u2013 Sistema de Gest\u00e3o de Eventos Sustent\u00e1veis.<\/p><p>Com esta certifica\u00e7\u00e3o, a Parkalgar reafirma o seu compromisso com a sustentabilidade, mostrando que \u00e9 poss\u00edvel conciliar a paix\u00e3o pelo desporto motorizado com a responsabilidade ambiental, social e econ\u00f3mica.<\/p>\t\t\t\t\t\t\t\t<\/div>\n\t\t\t\t<\/div>\n\t\t\t\t\t<\/div>\n\t\t<\/div>\n\t\t\t\t\t<\/div>\n\t\t<\/section>\n\t\t\t\t<section class=\"elementor-section elementor-top-section elementor-element elementor-element-1749fc8 elementor-section-boxed elementor-section-height-default elementor-section-height-default\" data-id=\"1749fc8\" data-element_type=\"section\" data-e-type=\"section\">\n\t\t\t\t\t\t<div class=\"elementor-container elementor-column-gap-default\">\n\t\t\t\t\t<div class=\"elementor-column elementor-col-50 elementor-top-column elementor-element elementor-element-7c3d0a0\" data-id=\"7c3d0a0\" data-element_type=\"column\" data-e-type=\"column\">\n\t\t\t<div class=\"elementor-widget-wrap elementor-element-populated\">\n\t\t\t\t\t\t<div class=\"elementor-element elementor-element-dcbcbcc elementor-widget elementor-widget-image\" data-id=\"dcbcbcc\" data-element_type=\"widget\" data-e-type=\"widget\" data-widget_type=\"image.default\">\n\t\t\t\t<div class=\"elementor-widget-container\">\n\t\t\t\t\t\t\t\t\t\t\t\t\t\t\t<img fetchpriority=\"high\" decoding=\"async\" width=\"250\" height=\"223\" src=\"https:\/\/autodromodoalgarve.com\/wp-content\/uploads\/2025\/11\/ISO20121_PANTONE-2.webp\" class=\"attachment-medium_large size-medium_large wp-image-320804\" alt=\"\" \/>\t\t\t\t\t\t\t\t\t\t\t\t\t\t\t<\/div>\n\t\t\t\t<\/div>\n\t\t\t\t\t<\/div>\n\t\t<\/div>\n\t\t\t\t<div class=\"elementor-column elementor-col-50 elementor-top-column elementor-element elementor-element-7c59853\" data-id=\"7c59853\" data-element_type=\"column\" data-e-type=\"column\">\n\t\t\t<div class=\"elementor-widget-wrap elementor-element-populated\">\n\t\t\t\t\t\t<div class=\"elementor-element elementor-element-6ab85b2 button-info-red elementor-widget elementor-widget-button\" data-id=\"6ab85b2\" data-element_type=\"widget\" data-e-type=\"widget\" data-widget_type=\"button.default\">\n\t\t\t\t<div class=\"elementor-widget-container\">\n\t\t\t\t\t\t\t\t\t<div class=\"elementor-button-wrapper\">\n\t\t\t\t\t<a class=\"elementor-button elementor-button-link elementor-size-sm\" href=\"https:\/\/autodromodoalgarve.com\/wp-content\/uploads\/2025\/10\/24.ES_.0005-PARKALGAR-Parques-Tecnologicos-e-Desportivos.pdf\" target=\"_blank\">\n\t\t\t\t\t\t<span class=\"elementor-button-content-wrapper\">\n\t\t\t\t\t\t\t\t\t<span class=\"elementor-button-text\">certificado<\/span>\n\t\t\t\t\t<\/span>\n\t\t\t\t\t<\/a>\n\t\t\t\t<\/div>\n\t\t\t\t\t\t\t\t<\/div>\n\t\t\t\t<\/div>\n\t\t\t\t\t<\/div>\n\t\t<\/div>\n\t\t\t\t\t<\/div>\n\t\t<\/section>\n\t\t\t\t<section class=\"elementor-section elementor-top-section elementor-element elementor-element-0822fcf elementor-section-full_width elementor-section-height-default elementor-section-height-default\" data-id=\"0822fcf\" data-element_type=\"section\" data-e-type=\"section\">\n\t\t\t\t\t\t<div class=\"elementor-container elementor-column-gap-no\">\n\t\t\t\t\t<div class=\"elementor-column elementor-col-100 elementor-top-column elementor-element elementor-element-1fd0fe3\" data-id=\"1fd0fe3\" data-element_type=\"column\" data-e-type=\"column\">\n\t\t\t<div class=\"elementor-widget-wrap elementor-element-populated\">\n\t\t\t\t\t\t<div class=\"elementor-element elementor-element-4c3b44b elementor-widget elementor-widget-spacer\" data-id=\"4c3b44b\" data-element_type=\"widget\" data-e-type=\"widget\" data-widget_type=\"spacer.default\">\n\t\t\t\t<div class=\"elementor-widget-container\">\n\t\t\t\t\t\t\t<div class=\"elementor-spacer\">\n\t\t\t<div class=\"elementor-spacer-inner\"><\/div>\n\t\t<\/div>\n\t\t\t\t\t\t<\/div>\n\t\t\t\t<\/div>\n\t\t\t\t\t<\/div>\n\t\t<\/div>\n\t\t\t\t\t<\/div>\n\t\t<\/section>\n\t\t\t\t<section class=\"elementor-section elementor-top-section elementor-element elementor-element-459878c elementor-section-full_width elementor-section-height-min-height elementor-section-items-top block-style-1-services elementor-section-height-default\" data-id=\"459878c\" data-element_type=\"section\" data-e-type=\"section\">\n\t\t\t\t\t\t<div class=\"elementor-container elementor-column-gap-no\">\n\t\t\t\t\t<div class=\"elementor-column elementor-col-50 elementor-top-column elementor-element elementor-element-5a71202 block-right\" data-id=\"5a71202\" data-element_type=\"column\" data-e-type=\"column\">\n\t\t\t<div class=\"elementor-widget-wrap elementor-element-populated\">\n\t\t\t\t\t\t<section class=\"elementor-section elementor-inner-section elementor-element elementor-element-f1ab7dd elementor-section-boxed elementor-section-height-default elementor-section-height-default\" data-id=\"f1ab7dd\" data-element_type=\"section\" data-e-type=\"section\">\n\t\t\t\t\t\t<div class=\"elementor-container elementor-column-gap-default\">\n\t\t\t\t\t<div class=\"elementor-column elementor-col-100 elementor-inner-column elementor-element elementor-element-767cc9b block-right2\" data-id=\"767cc9b\" data-element_type=\"column\" data-e-type=\"column\" data-settings=\"{&quot;background_background&quot;:&quot;classic&quot;}\">\n\t\t\t<div class=\"elementor-widget-wrap elementor-element-populated\">\n\t\t\t\t\t\t<div class=\"elementor-element elementor-element-446ce18 title-underline-1 elementor-widget elementor-widget-heading\" data-id=\"446ce18\" data-element_type=\"widget\" data-e-type=\"widget\" data-widget_type=\"heading.default\">\n\t\t\t\t<div class=\"elementor-widget-container\">\n\t\t\t\t\t<h2 class=\"elementor-heading-title elementor-size-default\">Pol\u00edtica de Sustentabilidade Parkalgar<\/h2>\t\t\t\t<\/div>\n\t\t\t\t<\/div>\n\t\t\t\t<div class=\"elementor-element elementor-element-dcb5b3d p500 d650  elementor-widget elementor-widget-text-editor\" data-id=\"dcb5b3d\" data-element_type=\"widget\" data-e-type=\"widget\" data-widget_type=\"text-editor.default\">\n\t\t\t\t<div class=\"elementor-widget-container\">\n\t\t\t\t\t\t\t\t\t<p>Reconhecemos a necessidade de nos comprometermos com uma perspetiva de longo prazo no que diz respeito ao desenvolvimento e comportamento sustent\u00e1veis, de forma a garantir um equil\u00edbrio entre a economia, o meio ambiente e a sociedade, e a manuten\u00e7\u00e3o de um ciclo de gest\u00e3o que contemple a conce\u00e7\u00e3o, planeamento, implementa\u00e7\u00e3o e an\u00e1lise cr\u00edtica, buscando a melhoria cont\u00ednua durante e ap\u00f3s cada evento realizado.<\/p><p>Saiba mais sobre a nossa Pol\u00edtica de Sustentabilidade clicando no bot\u00e3o abaixo.<\/p>\t\t\t\t\t\t\t\t<\/div>\n\t\t\t\t<\/div>\n\t\t\t\t<div class=\"elementor-element elementor-element-b425971 button-info-red elementor-widget elementor-widget-button\" data-id=\"b425971\" data-element_type=\"widget\" data-e-type=\"widget\" data-widget_type=\"button.default\">\n\t\t\t\t<div class=\"elementor-widget-container\">\n\t\t\t\t\t\t\t\t\t<div class=\"elementor-button-wrapper\">\n\t\t\t\t\t<a class=\"elementor-button elementor-button-link elementor-size-sm\" href=\"\/wp-content\/uploads\/2024\/08\/Politica-de-Sustentabilidade-Parkalgar.pdf\">\n\t\t\t\t\t\t<span class=\"elementor-button-content-wrapper\">\n\t\t\t\t\t\t\t\t\t<span class=\"elementor-button-text\">download<\/span>\n\t\t\t\t\t<\/span>\n\t\t\t\t\t<\/a>\n\t\t\t\t<\/div>\n\t\t\t\t\t\t\t\t<\/div>\n\t\t\t\t<\/div>\n\t\t\t\t\t<\/div>\n\t\t<\/div>\n\t\t\t\t\t<\/div>\n\t\t<\/section>\n\t\t\t\t\t<\/div>\n\t\t<\/div>\n\t\t\t\t<div class=\"elementor-column elementor-col-50 elementor-top-column elementor-element elementor-element-74251a9 block-left\" data-id=\"74251a9\" data-element_type=\"column\" data-e-type=\"column\" data-settings=\"{&quot;background_background&quot;:&quot;classic&quot;}\">\n\t\t\t<div class=\"elementor-widget-wrap elementor-element-populated\">\n\t\t\t\t\t\t<div class=\"elementor-element elementor-element-90b0120 elementor-absolute elementor-hidden-tablet elementor-hidden-mobile elementor-widget elementor-widget-html\" data-id=\"90b0120\" data-element_type=\"widget\" data-e-type=\"widget\" data-settings=\"{&quot;_position&quot;:&quot;absolute&quot;}\" data-widget_type=\"html.default\">\n\t\t\t\t<div class=\"elementor-widget-container\">\n\t\t\t\t\t<svg width=\"618px\" height=\"55px\" viewBox=\"0 0 618 55\">\n<g stroke=\"none\" stroke-width=\"1\" fill=\"none\" fill-rule=\"evenodd\">\n<g fill=\"#E4E3D8\" fill-rule=\"nonzero\">\n<polygon points=\"38.1811024 55 0 55 38.8188976 0 77 0\"><\/polygon>\n<polygon points=\"115.177198 55 77 55 115.814928 0 154 0\"><\/polygon>\n<polygon points=\"192.173228 55 154 55 192.818898 0 231 0\"><\/polygon>\n<polygon points=\"270.281102 55 232.1 55 270.918898 0 309.1 0\"><\/polygon>\n<polygon points=\"347.281102 55 309.1 55 347.918898 0 386.1 0\"><\/polygon>\n<polygon points=\"424.281102 55 386.1 55 424.918898 0 463.1 0\"><\/polygon>\n<polygon points=\"501.285072 55 463.1 55 501.922802 0 540.1 0\"><\/polygon>\n<polygon points=\"578.281102 55 540.1 55 578.918898 0 617.1 0\"><\/polygon>\n<\/g>\n<\/g>\n<\/svg>\t\t\t\t<\/div>\n\t\t\t\t<\/div>\n\t\t\t\t<div class=\"elementor-element elementor-element-b1edb0a elementor-widget elementor-widget-spacer\" data-id=\"b1edb0a\" data-element_type=\"widget\" data-e-type=\"widget\" data-widget_type=\"spacer.default\">\n\t\t\t\t<div class=\"elementor-widget-container\">\n\t\t\t\t\t\t\t<div class=\"elementor-spacer\">\n\t\t\t<div class=\"elementor-spacer-inner\"><\/div>\n\t\t<\/div>\n\t\t\t\t\t\t<\/div>\n\t\t\t\t<\/div>\n\t\t\t\t\t<\/div>\n\t\t<\/div>\n\t\t\t\t\t<\/div>\n\t\t<\/section>\n\t\t\t\t<section class=\"elementor-section elementor-top-section elementor-element elementor-element-e08b66b elementor-section-full_width elementor-section-height-min-height elementor-section-items-top block-style-2-services elementor-reverse-mobile elementor-section-height-default\" data-id=\"e08b66b\" data-element_type=\"section\" data-e-type=\"section\">\n\t\t\t\t\t\t<div class=\"elementor-container elementor-column-gap-no\">\n\t\t\t\t\t<div class=\"elementor-column elementor-col-50 elementor-top-column elementor-element elementor-element-457a816 block-left\" data-id=\"457a816\" data-element_type=\"column\" data-e-type=\"column\" data-settings=\"{&quot;background_background&quot;:&quot;classic&quot;}\">\n\t\t\t<div class=\"elementor-widget-wrap elementor-element-populated\">\n\t\t\t\t\t\t<div class=\"elementor-element elementor-element-7e7a0db elementor-widget elementor-widget-spacer\" data-id=\"7e7a0db\" data-element_type=\"widget\" data-e-type=\"widget\" data-widget_type=\"spacer.default\">\n\t\t\t\t<div class=\"elementor-widget-container\">\n\t\t\t\t\t\t\t<div class=\"elementor-spacer\">\n\t\t\t<div class=\"elementor-spacer-inner\"><\/div>\n\t\t<\/div>\n\t\t\t\t\t\t<\/div>\n\t\t\t\t<\/div>\n\t\t\t\t\t<\/div>\n\t\t<\/div>\n\t\t\t\t<div class=\"elementor-column elementor-col-50 elementor-top-column elementor-element elementor-element-9b8ca54 block-right\" data-id=\"9b8ca54\" data-element_type=\"column\" data-e-type=\"column\">\n\t\t\t<div class=\"elementor-widget-wrap elementor-element-populated\">\n\t\t\t\t\t\t<section class=\"elementor-section elementor-inner-section elementor-element elementor-element-90d388e elementor-section-boxed elementor-section-height-default elementor-section-height-default\" data-id=\"90d388e\" data-element_type=\"section\" data-e-type=\"section\">\n\t\t\t\t\t\t<div class=\"elementor-container elementor-column-gap-default\">\n\t\t\t\t\t<div class=\"elementor-column elementor-col-100 elementor-inner-column elementor-element elementor-element-efe877c block-right2\" data-id=\"efe877c\" data-element_type=\"column\" data-e-type=\"column\" data-settings=\"{&quot;background_background&quot;:&quot;classic&quot;}\">\n\t\t\t<div class=\"elementor-widget-wrap elementor-element-populated\">\n\t\t\t\t\t\t<div class=\"elementor-element elementor-element-72d1221 title-underline-1 elementor-widget elementor-widget-heading\" data-id=\"72d1221\" data-element_type=\"widget\" data-e-type=\"widget\" data-widget_type=\"heading.default\">\n\t\t\t\t<div class=\"elementor-widget-container\">\n\t\t\t\t\t<h2 class=\"elementor-heading-title elementor-size-default\">Declara\u00e7\u00e3o Principios, Propositos, Valores de Sustentabilidade Parkalgar<\/h2>\t\t\t\t<\/div>\n\t\t\t\t<\/div>\n\t\t\t\t<div class=\"elementor-element elementor-element-fe2dd6c p500 d650  elementor-widget elementor-widget-text-editor\" data-id=\"fe2dd6c\" data-element_type=\"widget\" data-e-type=\"widget\" data-widget_type=\"text-editor.default\">\n\t\t\t\t<div class=\"elementor-widget-container\">\n\t\t\t\t\t\t\t\t\t<p>A Parkalgar S.A implementou um Sistema de Gest\u00e3o para Sustentabilidade dos principais Eventos motorizados que se realizam no Aut\u00f3dromo Internacional do Algarve (MotoGP; World Superbikes e European Le Mans S\u00e9ries), de forma a cumprir com as obriga\u00e7\u00f5es de conformidade e os procedimentos do Sistema de Gest\u00e3o da organiza\u00e7\u00e3o.<\/p>\t\t\t\t\t\t\t\t<\/div>\n\t\t\t\t<\/div>\n\t\t\t\t<div class=\"elementor-element elementor-element-b988b7b button-info-red elementor-widget elementor-widget-button\" data-id=\"b988b7b\" data-element_type=\"widget\" data-e-type=\"widget\" data-widget_type=\"button.default\">\n\t\t\t\t<div class=\"elementor-widget-container\">\n\t\t\t\t\t\t\t\t\t<div class=\"elementor-button-wrapper\">\n\t\t\t\t\t<a class=\"elementor-button elementor-button-link elementor-size-sm\" href=\"\/wp-content\/uploads\/2024\/08\/Declaracao-Principios-Propositos-Valores-de-Sustentabilidade-Parkalgar.pdf\">\n\t\t\t\t\t\t<span class=\"elementor-button-content-wrapper\">\n\t\t\t\t\t\t\t\t\t<span class=\"elementor-button-text\">saiba mais<\/span>\n\t\t\t\t\t<\/span>\n\t\t\t\t\t<\/a>\n\t\t\t\t<\/div>\n\t\t\t\t\t\t\t\t<\/div>\n\t\t\t\t<\/div>\n\t\t\t\t\t<\/div>\n\t\t<\/div>\n\t\t\t\t\t<\/div>\n\t\t<\/section>\n\t\t\t\t\t<\/div>\n\t\t<\/div>\n\t\t\t\t\t<\/div>\n\t\t<\/section>\n\t\t\t\t<\/div>\n\t\t","protected":false},"excerpt":{"rendered":"<p>Sustentabilidade AIA &#8211; Aut\u00f3dromo Internacional do Algarve &#8211; Compromisso com a Sustentabilidade em Eventos Motorizados Em 2024, a Parkalgar, a entidade que gere e organiza os eventos motorizados no Aut\u00f3dromo Internacional do Algarve, deu um passo significativo rumo \u00e0 sustentabilidade ao implementar um Sistema de Gest\u00e3o de Eventos Sustent\u00e1veis, alinhado com a norma internacional ISO [&hellip;]<\/p>\n","protected":false},"author":465,"featured_media":0,"parent":28597,"menu_order":0,"comment_status":"closed","ping_status":"closed","template":"elementor_header_footer","meta":{"_acf_changed":false,"footnotes":""},"class_list":["post-30079","page","type-page","status-publish","hentry"],"acf":[],"_links":{"self":[{"href":"https:\/\/autodromodoalgarve.com\/pt\/wp-json\/wp\/v2\/pages\/30079","targetHints":{"allow":["GET"]}}],"collection":[{"href":"https:\/\/autodromodoalgarve.com\/pt\/wp-json\/wp\/v2\/pages"}],"about":[{"href":"https:\/\/autodromodoalgarve.com\/pt\/wp-json\/wp\/v2\/types\/page"}],"author":[{"embeddable":true,"href":"https:\/\/autodromodoalgarve.com\/pt\/wp-json\/wp\/v2\/users\/465"}],"replies":[{"embeddable":true,"href":"https:\/\/autodromodoalgarve.com\/pt\/wp-json\/wp\/v2\/comments?post=30079"}],"version-history":[{"count":10,"href":"https:\/\/autodromodoalgarve.com\/pt\/wp-json\/wp\/v2\/pages\/30079\/revisions"}],"predecessor-version":[{"id":320821,"href":"https:\/\/autodromodoalgarve.com\/pt\/wp-json\/wp\/v2\/pages\/30079\/revisions\/320821"}],"up":[{"embeddable":true,"href":"https:\/\/autodromodoalgarve.com\/pt\/wp-json\/wp\/v2\/pages\/28597"}],"wp:attachment":[{"href":"https:\/\/autodromodoalgarve.com\/pt\/wp-json\/wp\/v2\/media?parent=30079"}],"curies":[{"name":"wp","href":"https:\/\/api.w.org\/{rel}","templated":true}]}}